{"id":1134,"date":"2025-07-02T14:25:17","date_gmt":"2025-07-02T14:25:17","guid":{"rendered":"https:\/\/penzionhosnar.forwardapps.si\/splosni-pogoji\/"},"modified":"2025-07-07T13:23:28","modified_gmt":"2025-07-07T13:23:28","slug":"splosni-pogoji","status":"publish","type":"page","link":"https:\/\/penzionhosnar.forwardapps.si\/sl\/splosni-pogoji\/","title":{"rendered":"Splo\u0161ni pogoji"},"content":{"rendered":"\t\t<div data-elementor-type=\"wp-page\" data-elementor-id=\"1134\" class=\"elementor elementor-1134 elementor-829\" data-elementor-post-type=\"page\">\n\t\t\t\t<div class=\"elementor-element elementor-element-b5e4dbc standard-container e-flex e-con-boxed e-con e-parent\" data-id=\"b5e4dbc\" data-element_type=\"container\">\n\t\t\t\t\t<div class=\"e-con-inner\">\n\t\t\t\t<div class=\"elementor-element elementor-element-f73be68 elementor-widget elementor-widget-heading\" data-id=\"f73be68\" data-element_type=\"widget\" data-widget_type=\"heading.default\">\n\t\t\t\t<div class=\"elementor-widget-container\">\n\t\t\t\t\t<h2 class=\"elementor-heading-title elementor-size-default\">Splo\u0161ni pogoji<\/h2>\t\t\t\t<\/div>\n\t\t\t\t<\/div>\n\t\t\t\t<div class=\"elementor-element elementor-element-61a2eba elementor-widget elementor-widget-text-editor\" data-id=\"61a2eba\" data-element_type=\"widget\" data-widget_type=\"text-editor.default\">\n\t\t\t\t<div class=\"elementor-widget-container\">\n\t\t\t\t\t\t\t\t\t<p><strong>\u010cas prijave in odjave<\/strong><\/p><p>\u010cas prijave je od 14:00 do 21:00 na dan prihoda. O \u010dasu prihoda nas vnaprej obvestite na elektronski naslov: info@penzionhosnar.com ali telefon: +386 51 395 031. <\/p><p>\u010cas odjave je od 6:00 do 10:00 na dan odhoda.<\/p><p><strong>Pogoji odpovedi rezervacije apartmajev<\/strong><\/p><p>V primeru odpovedi rezervacije apartmajev s strani individualnih gostov ali skupin veljajo naslednji odpovedni pogoji: Rezervacijo je mogo\u010de odpovedati brez stro\u0161kov odpovedi do 7 dni pred datumom prihoda. Za rezervacije, odpovedane od 7 dni do zadnjega dne pred prihodom, bomo obra\u010dunali stro\u0161ek odpovedi v vi\u0161ini pla\u010danega avansa od 20 % do 100 % zneska celotne rezervacije(ali vpla\u010danega avansa). <\/p><p>Odpoved mora gost sporo\u010diti na elektronski naslov info@penzionhosnar.com ali telefon: +386 51 395 031.<\/p><p><strong>Pogoji odpovedi rezervacije aktivnosti<\/strong><\/p><p>V primeru odpovedi rezervacije aktivnosti (rafting, kajaka\u0161tvo, soteskanje \u2026) s strani individualnih gostov ali skupin veljajo naslednji odpovedni pogoji: Rezervacijo je mogo\u010de odpovedati brez stro\u0161kov odpovedi do 2 uri pred za\u010detkom aktivnosti.<\/p><p>Odpoved mora gost sporo\u010diti na elektronski naslov info@penzionhosnar.com ali telefon: +386 51 395 031.<\/p><p><strong>Odpoved rezervacije s strani Penziona Hosnar<\/strong><\/p><p>Pridru\u017eijemo si pravico, da v izrednih primerih (npr. zaprtje celotnega penziona ali odpoved aktivnosti zaradi vi\u0161je sile) odpovemo obstoje\u010de rezervacije gostov, o \u010demer bomo goste obvestili vsaj 24 ur pred nameravanim prihodom. Naro\u010dnik apartmaja ali aktivnosti je v tem primeru upravi\u010den le do povra\u010dila \u017ee pla\u010danih zneskov za rezervirane storitve in ni upravi\u010den zahtevati povrnitve kakr\u0161nekoli \u0161kode in\/ali dodatnih zneskov. <\/p><p><strong>Pogoji garancije rezervacije<\/strong><\/p><p>Nastanitev v Penzionu Hosnar ali aktivnost lahko rezervirate po elektronski po\u0161ti: info@penzionhosnar.com ali telefonu: +386 51 395 031. Va\u0161a rezervacija je potrjena s \u0161tevilko kreditne kartice, datumom veljavnosti in CVC kodo ali predpla\u010dilom. <\/p><p>Celotno pla\u010dilo apartmaja, storitev in\/ali aktivnosti se izvede na recepciji Penziona Hosnar. Kreditna kartica je potrebna kot garancija za va\u0161o rezervacijo. Va\u0161a kreditna kartica bo bremenjena v skladu z odpovednimi pogoji.  <\/p><p><strong>Starostna omejitev <\/strong><\/p><p>Najni\u017eja dovoljena starost za prijavo brez prisotnosti odrasle osebe je 18 let. V primeru spremstva odrasle osebe omejitev ni. <\/p><p><strong>Dostop za gibalno ovirane<\/strong><\/p><p>Dostop do na\u0161ih nastanitev in restavracije je omogo\u010den tudi gibalno oviranim. Priporo\u010damo izbor nastanitev v pritli\u010dju, ki jih lahko preverite tukaj (<a href=\"https:\/\/penzionhosnar.com\/apartments\/\" target=\"_blank\" rel=\"noopener\">link do apartmajev<\/a>). <\/p><p><strong>Kajenje in \u010disto\u010da<\/strong><\/p><p>V Penzionu Hosnar si prizadevamo, da za na\u0161e goste zagotavljamo \u010diste sobe in prijetno bivanje. V zaprtih prostorih Penziona Hosnar (apartmaji, restavracija) je zato prepovedano kaditi. V primeru kajenja vam bomo zara\u010dunali stro\u0161ek globinskega \u010di\u0161\u010denja v vi\u0161ini 45 EUR. V primeru ve\u010djih made\u017eev ali po\u0161kodb na\u0161e lastnine pa vam bomo zara\u010dunali stro\u0161ek \u010di\u0161\u010denja ali popravila v vi\u0161ini najmanj 200 EUR oz. glede na povzro\u010deno \u0161kodo.   <\/p><p><strong>Doma\u010de \u017eivali<\/strong><\/p><p>V na\u0161ih objektih ne moremo sprejeti hi\u0161nih ljubljen\u010dkov. Prizadevamo si ustvariti udobno okolje za na\u0161e goste in nekateri so lahko alergi\u010dni ali ob\u010dutljivi na \u017eivali. Cenimo va\u0161e sodelovanje pri tem, da lahko omogo\u010dimo prijetno bivanje za vse goste. \u010ce ugotovimo, da ste v apartmaju nastanjeni s hi\u0161nim ljubljen\u010dkom, vas bomo vljudno prosili, da si za \u010das bivanja v Bovcu poi\u0161\u010dete alternativno nastanitev. Druga mo\u017enost je, da vam bomo zara\u010dunali pristojbino za globinsko \u010di\u0161\u010denje v vi\u0161ini 45 EUR. Cenimo va\u0161e razumevanje in sodelovanje.     <\/p><p><strong>Parkiranje<\/strong><\/p><p>Gostom, ki bivajo v nastanitvi Penziona Hosnar, je omogo\u010deno eno brezpla\u010dno zasebno in varovano parkirno mesto. Parkiranje na na\u0161ih parkiri\u0161\u010dih je na odgovornost lastnika vozila, Penzion Hosnar ne odgovarja za morebitno \u0161kodo. Za zunanje obiskovalce je parkiranje pla\u010dljivo po veljavnem ceniku.   <\/p><p><strong>Breakfasts<\/strong><\/p><p>Gostom, ki bivajo v nastanitvi Penziona Hosnar, je na voljo samopostre\u017eni zajtrk v na\u0161i restavraciji. Gostom mize ni potrebno predhodno rezervirati. Za zunanje goste je obvezna predhodna rezervacija mize do 22. ure ve\u010der prej. Cena zajtrka je 12,90 EUR na osebo. V primeru zapolnjenosti kapacitet vam brez predhodne rezervacije \u017eal ne moremo zagotoviti proste mize. Za posebne \u017eelje nas kontaktirajte na elektronski naslov: info@penzionhosnar.com ali telefon: +386 51 395 031.     <\/p><p><strong>Otroci in dodatna le\u017ei\u0161\u010da<\/strong><\/p><p>Cene za otro\u0161ke postelje in dodatna le\u017ei\u0161\u010da niso vklju\u010dene v skupno ceno. Zanje pla\u010date posebej med bivanjem v nastanitvi. <\/p><p>Vse otro\u0161ke postelje in dodatna le\u017ei\u0161\u010da so odvisna od razpolo\u017eljivosti.<\/p><p><strong>0-5 leta<br>Dodatno le\u017ei\u0161\u010de na zahtevo: 15 EUR na otroka na no\u010d<br>Posteljica na zahtevo: Brezpla\u010dno<\/strong><\/p><p><strong>5-11 let<br><\/strong>Dodatno le\u017ei\u0161\u010de na zahtevo: 15 EUR na otroka na no\u010d<\/p><p><strong>12+ leta<br><\/strong>Dodatno le\u017ei\u0161\u010de na zahtevo: 28 EUR na osebo na no\u010d<\/p><p><strong>Cene<\/strong><\/p><p>Z rezervacijo nastanitve v Penzionu Hosnar prek spletne strani ali elektronskega naslova info@penzionhosnar.com vam zagotavljamo garancijo najbolj\u0161e cene na spletu.<\/p><p>Vse cene vklju\u010dujejo DDV. Turisti\u010dna taksa v ceno ni vklju\u010dena in zna\u0161a 2 EUR po osebi na dan. Bogat samopostre\u017eni zajtrk je vklju\u010den v ceno.  <\/p><p>Za vse dodatne informacije smo vam na voljo na elektronskem naslovu: info@penzionhosnar.com ali telefonu: +386 51 395 031.<\/p><p>\u017delimo vam prijetno bivanje!<\/p>\t\t\t\t\t\t\t\t<\/div>\n\t\t\t\t<\/div>\n\t\t\t\t\t<\/div>\n\t\t\t\t<\/div>\n\t\t\t\t<\/div>\n\t\t","protected":false},"excerpt":{"rendered":"<p>Splo\u0161ni pogoji \u010cas prijave in odjave \u010cas prijave je od 14:00 do 21:00 na dan prihoda. O \u010dasu prihoda nas vnaprej obvestite na elektronski naslov: info@penzionhosnar.com ali telefon: +386 51 395 031. \u010cas odjave je od 6:00 do 10:00 na dan odhoda. Pogoji odpovedi rezervacije apartmajev V primeru odpovedi rezervacije apartmajev s strani individualnih gostov [&hellip;]<\/p>\n","protected":false},"author":3,"featured_media":0,"parent":0,"menu_order":0,"comment_status":"closed","ping_status":"closed","template":"elementor_header_footer","meta":{"footnotes":""},"class_list":["post-1134","page","type-page","status-publish","hentry"],"_links":{"self":[{"href":"https:\/\/penzionhosnar.forwardapps.si\/sl\/wp-json\/wp\/v2\/pages\/1134","targetHints":{"allow":["GET"]}}],"collection":[{"href":"https:\/\/penzionhosnar.forwardapps.si\/sl\/wp-json\/wp\/v2\/pages"}],"about":[{"href":"https:\/\/penzionhosnar.forwardapps.si\/sl\/wp-json\/wp\/v2\/types\/page"}],"author":[{"embeddable":true,"href":"https:\/\/penzionhosnar.forwardapps.si\/sl\/wp-json\/wp\/v2\/users\/3"}],"replies":[{"embeddable":true,"href":"https:\/\/penzionhosnar.forwardapps.si\/sl\/wp-json\/wp\/v2\/comments?post=1134"}],"version-history":[{"count":1,"href":"https:\/\/penzionhosnar.forwardapps.si\/sl\/wp-json\/wp\/v2\/pages\/1134\/revisions"}],"predecessor-version":[{"id":1135,"href":"https:\/\/penzionhosnar.forwardapps.si\/sl\/wp-json\/wp\/v2\/pages\/1134\/revisions\/1135"}],"wp:attachment":[{"href":"https:\/\/penzionhosnar.forwardapps.si\/sl\/wp-json\/wp\/v2\/media?parent=1134"}],"curies":[{"name":"wp","href":"https:\/\/api.w.org\/{rel}","templated":true}]}}