{"id":1174,"date":"2025-06-29T18:36:09","date_gmt":"2025-06-29T18:36:09","guid":{"rendered":"https:\/\/penzionhosnar.forwardapps.si\/resturant\/"},"modified":"2025-07-15T13:09:40","modified_gmt":"2025-07-15T13:09:40","slug":"restaurant","status":"publish","type":"page","link":"https:\/\/penzionhosnar.forwardapps.si\/de\/restaurant\/","title":{"rendered":"Restaurant"},"content":{"rendered":"\t\t<div data-elementor-type=\"wp-page\" data-elementor-id=\"1174\" class=\"elementor elementor-1174 elementor-73\" data-elementor-post-type=\"page\">\n\t\t\t\t<section class=\"elementor-element elementor-element-e091240 standard-container e-flex e-con-boxed e-con e-parent\" data-id=\"e091240\" data-element_type=\"container\">\n\t\t\t\t\t<div class=\"e-con-inner\">\n\t\t\t\t<div class=\"elementor-element elementor-element-8cf0fd6 elementor-widget elementor-widget-heading\" data-id=\"8cf0fd6\" data-element_type=\"widget\" data-widget_type=\"heading.default\">\n\t\t\t\t<div class=\"elementor-widget-container\">\n\t\t\t\t\t<h2 class=\"elementor-heading-title elementor-size-default\">RESTAURANT<\/h2>\t\t\t\t<\/div>\n\t\t\t\t<\/div>\n\t\t\t\t<div class=\"elementor-element elementor-element-b258088 elementor-widget elementor-widget-text-editor\" data-id=\"b258088\" data-element_type=\"widget\" data-widget_type=\"text-editor.default\">\n\t\t\t\t<div class=\"elementor-widget-container\">\n\t\t\t\t\t\t\t\t\t<p>Genie\u00dfen Sie die Aromen des So\u010da-Tals in unserem charmanten hauseigenen Restaurant, in dem unser engagiertes lokales Team jeden Morgen ein frisches Fr\u00fchst\u00fccksbuffet und ein saisonales Nachmittagsmen\u00fc serviert, das mit Sorgfalt, Kreativit\u00e4t und einer gro\u00dfen Liebe f\u00fcr lokale Zutaten zubereitet wird. Egal, ob Sie Ihren Tag mit hausgemachten Spezialit\u00e4ten beginnen oder am Nachmittag mit einem k\u00f6stlichen Essen entspannen m\u00f6chten, unsere gem\u00fctlichen Innenr\u00e4ume und die malerische Au\u00dfenterrasse bieten den perfekten Rahmen f\u00fcr ein entspanntes und unvergessliches Esserlebnis. <\/p>\t\t\t\t\t\t\t\t<\/div>\n\t\t\t\t<\/div>\n\t\t\t\t<div class=\"elementor-element elementor-element-f8e25a1 elementor-arrows-position-inside elementor-widget elementor-widget-image-carousel\" data-id=\"f8e25a1\" data-element_type=\"widget\" data-settings=\"{&quot;slides_to_show&quot;:&quot;1&quot;,&quot;navigation&quot;:&quot;arrows&quot;,&quot;autoplay&quot;:&quot;yes&quot;,&quot;pause_on_hover&quot;:&quot;yes&quot;,&quot;pause_on_interaction&quot;:&quot;yes&quot;,&quot;autoplay_speed&quot;:5000,&quot;infinite&quot;:&quot;yes&quot;,&quot;effect&quot;:&quot;slide&quot;,&quot;speed&quot;:500}\" data-widget_type=\"image-carousel.default\">\n\t\t\t\t<div class=\"elementor-widget-container\">\n\t\t\t\t\t\t\t<div class=\"elementor-image-carousel-wrapper swiper\" role=\"region\" aria-roledescription=\"carousel\" aria-label=\"Image Carousel\" dir=\"ltr\">\n\t\t\t<div class=\"elementor-image-carousel swiper-wrapper\" aria-live=\"off\">\n\t\t\t\t\t\t\t\t<div class=\"swiper-slide\" role=\"group\" aria-roledescription=\"slide\" aria-label=\"1 von 6\"><figure class=\"swiper-slide-inner\"><img decoding=\"async\" class=\"swiper-slide-image\" src=\"https:\/\/penzionhosnar.forwardapps.si\/wp-content\/uploads\/2025\/07\/Penzion-Hosnar-WEB-32.webp\" alt=\"resturant with a view of the mountains -penzion hosnar\" \/><\/figure><\/div><div class=\"swiper-slide\" role=\"group\" aria-roledescription=\"slide\" aria-label=\"2 von 6\"><figure class=\"swiper-slide-inner\"><img decoding=\"async\" class=\"swiper-slide-image\" src=\"https:\/\/penzionhosnar.forwardapps.si\/wp-content\/uploads\/2025\/07\/Penzion-Hosnar-WEB-33.webp\" alt=\"resturant -penzion hosnar\" \/><\/figure><\/div><div class=\"swiper-slide\" role=\"group\" aria-roledescription=\"slide\" aria-label=\"3 von 6\"><figure class=\"swiper-slide-inner\"><img decoding=\"async\" class=\"swiper-slide-image\" src=\"https:\/\/penzionhosnar.forwardapps.si\/wp-content\/uploads\/2025\/07\/Penzion-Hosnar-WEB-11-1.webp\" alt=\"resturant and bikes -penzion hosnar\" \/><\/figure><\/div><div class=\"swiper-slide\" role=\"group\" aria-roledescription=\"slide\" aria-label=\"4 von 6\"><figure class=\"swiper-slide-inner\"><img decoding=\"async\" class=\"swiper-slide-image\" src=\"https:\/\/penzionhosnar.forwardapps.si\/wp-content\/uploads\/2025\/07\/Penzion-Hosnar-WEB-51.webp\" alt=\"breakfast buffet -penzion hosnar\" \/><\/figure><\/div><div class=\"swiper-slide\" role=\"group\" aria-roledescription=\"slide\" aria-label=\"5 von 6\"><figure class=\"swiper-slide-inner\"><img decoding=\"async\" class=\"swiper-slide-image\" src=\"https:\/\/penzionhosnar.forwardapps.si\/wp-content\/uploads\/2025\/07\/Penzion-Hosnar-WEB-9.webp\" alt=\"eggs and bacon -penzion hosnar\" \/><\/figure><\/div><div class=\"swiper-slide\" role=\"group\" aria-roledescription=\"slide\" aria-label=\"6 von 6\"><figure class=\"swiper-slide-inner\"><img decoding=\"async\" class=\"swiper-slide-image\" src=\"https:\/\/penzionhosnar.forwardapps.si\/wp-content\/uploads\/2025\/07\/Penzion-Hosnar-WEB-35.webp\" alt=\"resturant -penzion hosnar\" \/><\/figure><\/div>\t\t\t<\/div>\n\t\t\t\t\t\t\t\t\t\t\t\t<div class=\"elementor-swiper-button elementor-swiper-button-prev\" role=\"button\" tabindex=\"0\">\n\t\t\t\t\t\t<svg aria-hidden=\"true\" class=\"e-font-icon-svg e-eicon-chevron-left\" viewBox=\"0 0 1000 1000\" xmlns=\"http:\/\/www.w3.org\/2000\/svg\"><path d=\"M646 125C629 125 613 133 604 142L308 442C296 454 292 471 292 487 292 504 296 521 308 533L604 854C617 867 629 875 646 875 663 875 679 871 692 858 704 846 713 829 713 812 713 796 708 779 692 767L438 487 692 225C700 217 708 204 708 187 708 171 704 154 692 142 675 129 663 125 646 125Z\"><\/path><\/svg>\t\t\t\t\t<\/div>\n\t\t\t\t\t<div class=\"elementor-swiper-button elementor-swiper-button-next\" role=\"button\" tabindex=\"0\">\n\t\t\t\t\t\t<svg aria-hidden=\"true\" class=\"e-font-icon-svg e-eicon-chevron-right\" viewBox=\"0 0 1000 1000\" xmlns=\"http:\/\/www.w3.org\/2000\/svg\"><path d=\"M696 533C708 521 713 504 713 487 713 471 708 454 696 446L400 146C388 133 375 125 354 125 338 125 325 129 313 142 300 154 292 171 292 187 292 204 296 221 308 233L563 492 304 771C292 783 288 800 288 817 288 833 296 850 308 863 321 871 338 875 354 875 371 875 388 867 400 854L696 533Z\"><\/path><\/svg>\t\t\t\t\t<\/div>\n\t\t\t\t\n\t\t\t\t\t\t\t\t\t<\/div>\n\t\t\t\t\t\t<\/div>\n\t\t\t\t<\/div>\n\t\t\t\t<div class=\"elementor-element elementor-element-23bc388 elementor-widget elementor-widget-text-editor\" data-id=\"23bc388\" data-element_type=\"widget\" data-widget_type=\"text-editor.default\">\n\t\t\t\t<div class=\"elementor-widget-container\">\n\t\t\t\t\t\t\t\t\t<div class=\"et_pb_module et_pb_text et_pb_text_5 et_pb_text_align_left et_pb_text_align_center-tablet et_pb_bg_layout_light\"><div class=\"et_pb_text_inner\"><p>Das Restaurant ist f\u00fcr Apartmentg\u00e4ste und externe Besucher ge\u00f6ffnet und bietet 19 Innen- und 30 Au\u00dfenpl\u00e4tze.<\/p><p>Das <strong>Fr\u00fchst\u00fcck<\/strong> wird <strong>vom 1. Mai bis zum 30. September<\/strong> t\u00e4glich zwischen <strong>7 Uhr<\/strong> und <strong>10 Uhr<\/strong> serviert. Unser <strong>Nachmittagsmen\u00fc<\/strong> ist von Mittwoch bis Sonntag zwischen<strong> 15.00<\/strong> und <strong>21.00 Uhr<\/strong> erh\u00e4ltlich <strong>.<\/strong> Ihre Reservierung ist erforderlich unter <a href=\"mailto:info@penzionhosnar.com\">info@penzionhosnar.com<\/a> oder telefonisch unter <a href=\"tel:00%20386%2051%20395%20031\">+386 51 395 031<\/a> mindestens einen Tag im Voraus. <\/p><p><strong>Vom 1. Oktober bis zum 30. April<\/strong> ist unser Restaurant nach vorheriger Vereinbarung ge\u00f6ffnet.<\/p><p>Wir sind gerne bereit, Ihre Sonderw\u00fcnsche zu ber\u00fccksichtigen.<\/p><\/div><\/div>\t\t\t\t\t\t\t\t<\/div>\n\t\t\t\t<\/div>\n\t\t<div class=\"elementor-element elementor-element-2e897ac e-con-full e-flex e-con e-child\" data-id=\"2e897ac\" data-element_type=\"container\">\n\t\t\t\t<div class=\"elementor-element elementor-element-0a99df0 elementor-align-center hover-btn elementor-widget elementor-widget-button\" data-id=\"0a99df0\" data-element_type=\"widget\" data-widget_type=\"button.default\">\n\t\t\t\t<div class=\"elementor-widget-container\">\n\t\t\t\t\t\t\t\t\t<div class=\"elementor-button-wrapper\">\n\t\t\t\t\t<a class=\"elementor-button elementor-button-link elementor-size-sm\" href=\"https:\/\/penzionhosnar.forwardapps.si\/de\/penzion-hosnar_popoldanski-meni\/\">\n\t\t\t\t\t\t<span class=\"elementor-button-content-wrapper\">\n\t\t\t\t\t\t\t\t\t<span class=\"elementor-button-text\">MEN\u00dc<\/span>\n\t\t\t\t\t<\/span>\n\t\t\t\t\t<\/a>\n\t\t\t\t<\/div>\n\t\t\t\t\t\t\t\t<\/div>\n\t\t\t\t<\/div>\n\t\t\t\t<div class=\"elementor-element elementor-element-6a2298a elementor-align-center hover-btn elementor-widget elementor-widget-button\" data-id=\"6a2298a\" data-element_type=\"widget\" data-widget_type=\"button.default\">\n\t\t\t\t<div class=\"elementor-widget-container\">\n\t\t\t\t\t\t\t\t\t<div class=\"elementor-button-wrapper\">\n\t\t\t\t\t<a class=\"elementor-button elementor-button-link elementor-size-sm\" href=\"mailto:info@penzionhosnar.com\">\n\t\t\t\t\t\t<span class=\"elementor-button-content-wrapper\">\n\t\t\t\t\t\t\t\t\t<span class=\"elementor-button-text\">EINEN TISCH RESERVIEREN<\/span>\n\t\t\t\t\t<\/span>\n\t\t\t\t\t<\/a>\n\t\t\t\t<\/div>\n\t\t\t\t\t\t\t\t<\/div>\n\t\t\t\t<\/div>\n\t\t\t\t<\/div>\n\t\t\t\t\t<\/div>\n\t\t\t\t<\/section>\n\t\t\t\t<\/div>\n\t\t","protected":false},"excerpt":{"rendered":"<p>RESTAURANT Genie\u00dfen Sie die Aromen des So\u010da-Tals in unserem charmanten hauseigenen Restaurant, in dem unser engagiertes lokales Team jeden Morgen ein frisches Fr\u00fchst\u00fccksbuffet und ein saisonales Nachmittagsmen\u00fc serviert, das mit Sorgfalt, Kreativit\u00e4t und einer gro\u00dfen Liebe f\u00fcr lokale Zutaten zubereitet wird. Egal, ob Sie Ihren Tag mit hausgemachten Spezialit\u00e4ten beginnen oder am Nachmittag mit einem [&hellip;]<\/p>\n","protected":false},"author":3,"featured_media":0,"parent":0,"menu_order":0,"comment_status":"closed","ping_status":"closed","template":"elementor_header_footer","meta":{"footnotes":""},"class_list":["post-1174","page","type-page","status-publish","hentry"],"_links":{"self":[{"href":"https:\/\/penzionhosnar.forwardapps.si\/de\/wp-json\/wp\/v2\/pages\/1174","targetHints":{"allow":["GET"]}}],"collection":[{"href":"https:\/\/penzionhosnar.forwardapps.si\/de\/wp-json\/wp\/v2\/pages"}],"about":[{"href":"https:\/\/penzionhosnar.forwardapps.si\/de\/wp-json\/wp\/v2\/types\/page"}],"author":[{"embeddable":true,"href":"https:\/\/penzionhosnar.forwardapps.si\/de\/wp-json\/wp\/v2\/users\/3"}],"replies":[{"embeddable":true,"href":"https:\/\/penzionhosnar.forwardapps.si\/de\/wp-json\/wp\/v2\/comments?post=1174"}],"version-history":[{"count":3,"href":"https:\/\/penzionhosnar.forwardapps.si\/de\/wp-json\/wp\/v2\/pages\/1174\/revisions"}],"predecessor-version":[{"id":1524,"href":"https:\/\/penzionhosnar.forwardapps.si\/de\/wp-json\/wp\/v2\/pages\/1174\/revisions\/1524"}],"wp:attachment":[{"href":"https:\/\/penzionhosnar.forwardapps.si\/de\/wp-json\/wp\/v2\/media?parent=1174"}],"curies":[{"name":"wp","href":"https:\/\/api.w.org\/{rel}","templated":true}]}}